{"id":6154,"date":"2022-06-09T06:29:09","date_gmt":"2022-06-09T06:29:09","guid":{"rendered":"https:\/\/purple-vest.net\/formation-enregistree\/"},"modified":"2022-12-28T08:39:30","modified_gmt":"2022-12-28T08:39:30","slug":"formation-enregistree","status":"publish","type":"page","link":"https:\/\/purple-vest.net\/fr\/formation-enregistree\/","title":{"rendered":"Formation enregistr\u00e9e"},"content":{"rendered":"\t\t<div data-elementor-type=\"wp-page\" data-elementor-id=\"6154\" class=\"elementor elementor-6154 elementor-3309\" data-elementor-post-type=\"page\">\n\t\t\t\t\t\t<section class=\"elementor-section elementor-top-section elementor-element elementor-element-2d5ade0 elementor-section-height-min-height elementor-section-boxed elementor-section-height-default elementor-section-items-middle\" data-id=\"2d5ade0\" data-element_type=\"section\" data-settings=\"{&quot;background_background&quot;:&quot;classic&quot;}\">\n\t\t\t\t\t\t\t<div class=\"elementor-background-overlay\"><\/div>\n\t\t\t\t\t\t\t<div class=\"elementor-container elementor-column-gap-default\">\n\t\t\t\t\t<div class=\"elementor-column elementor-col-100 elementor-top-column elementor-element elementor-element-6a364b6\" data-id=\"6a364b6\" data-element_type=\"column\">\n\t\t\t<div class=\"elementor-widget-wrap\">\n\t\t\t\t\t\t\t<\/div>\n\t\t<\/div>\n\t\t\t\t\t<\/div>\n\t\t<\/section>\n\t\t\t\t<section class=\"elementor-section elementor-top-section elementor-element elementor-element-562b311 elementor-section-boxed elementor-section-height-default elementor-section-height-default\" data-id=\"562b311\" data-element_type=\"section\">\n\t\t\t\t\t\t<div class=\"elementor-container elementor-column-gap-default\">\n\t\t\t\t\t<div class=\"elementor-column elementor-col-100 elementor-top-column elementor-element elementor-element-d105b86\" data-id=\"d105b86\" data-element_type=\"column\" data-settings=\"{&quot;background_background&quot;:&quot;classic&quot;}\">\n\t\t\t<div class=\"elementor-widget-wrap elementor-element-populated\">\n\t\t\t\t\t\t<div class=\"elementor-element elementor-element-5a4aa5b elementor-widget elementor-widget-heading\" data-id=\"5a4aa5b\" data-element_type=\"widget\" data-widget_type=\"heading.default\">\n\t\t\t\t<div class=\"elementor-widget-container\">\n\t\t\t\t\t<h3 class=\"elementor-heading-title elementor-size-default\">Formation<\/h3>\t\t\t\t<\/div>\n\t\t\t\t<\/div>\n\t\t\t\t<div class=\"elementor-element elementor-element-2ccfaf4 elementor-widget elementor-widget-heading\" data-id=\"2ccfaf4\" data-element_type=\"widget\" data-widget_type=\"heading.default\">\n\t\t\t\t<div class=\"elementor-widget-container\">\n\t\t\t\t\t<h1 class=\"elementor-heading-title elementor-size-default\">Formation enregistr\u00e9e<\/h1>\t\t\t\t<\/div>\n\t\t\t\t<\/div>\n\t\t\t\t<div class=\"elementor-element elementor-element-f7e8730 elementor-widget elementor-widget-text-editor\" data-id=\"f7e8730\" data-element_type=\"widget\" data-widget_type=\"text-editor.default\">\n\t\t\t\t<div class=\"elementor-widget-container\">\n\t\t\t\t\t\t\t\t\t<p>Dans cette courte formation enregistr\u00e9e, vous d\u00e9couvrirez les \u00e9l\u00e9ments de base qui vous permettront d&rsquo;offrir une assistance accessible aux personnes handicap\u00e9es et aux personnes \u00e2g\u00e9es, qui doivent quitter leur habitation pour un lieu plus s\u00fbr. Vous en apprendrez davantage sur les probl\u00e8mes auxquels sont confront\u00e9es les personnes handicap\u00e9es en situation de crise, et vous recevrez des conseils pour relever ces d\u00e9fis afin de fournir le meilleur soutien possible aux r\u00e9fugi\u00e9s.<\/p>\n\t\t\t\t\t\t\t\t<\/div>\n\t\t\t\t<\/div>\n\t\t\t\t\t<\/div>\n\t\t<\/div>\n\t\t\t\t\t<\/div>\n\t\t<\/section>\n\t\t\t\t<section class=\"elementor-section elementor-top-section elementor-element elementor-element-b94ff83 elementor-section-boxed elementor-section-height-default elementor-section-height-default\" data-id=\"b94ff83\" data-element_type=\"section\">\n\t\t\t\t\t\t<div class=\"elementor-container elementor-column-gap-default\">\n\t\t\t\t\t<div class=\"elementor-column elementor-col-50 elementor-top-column elementor-element elementor-element-a40f23f\" data-id=\"a40f23f\" data-element_type=\"column\" data-settings=\"{&quot;background_background&quot;:&quot;classic&quot;}\">\n\t\t\t<div class=\"elementor-widget-wrap elementor-element-populated\">\n\t\t\t\t\t\t<div class=\"elementor-element elementor-element-b85c352 elementor-widget elementor-widget-heading\" data-id=\"b85c352\" data-element_type=\"widget\" data-widget_type=\"heading.default\">\n\t\t\t\t<div class=\"elementor-widget-container\">\n\t\t\t\t\t<h2 class=\"elementor-heading-title elementor-size-default\">Formation pour les <br>\u00e9quipes de secours en Ukraine<\/h2>\t\t\t\t<\/div>\n\t\t\t\t<\/div>\n\t\t\t\t<div class=\"elementor-element elementor-element-a37980a elementor-align-left elementor-widget elementor-widget-button\" data-id=\"a37980a\" data-element_type=\"widget\" aria-label=\"whatch the Training for the aid teams in Ukraine video training\" data-widget_type=\"button.default\">\n\t\t\t\t<div class=\"elementor-widget-container\">\n\t\t\t\t\t\t\t\t\t<div class=\"elementor-button-wrapper\">\n\t\t\t\t\t<a class=\"elementor-button elementor-button-link elementor-size-sm elementor-animation-float\" href=\"https:\/\/www.youtube.com\/watch?v=ION07vUAOPc&#038;t=18s\" target=\"_blank\">\n\t\t\t\t\t\t<span class=\"elementor-button-content-wrapper\">\n\t\t\t\t\t\t\t\t\t<span class=\"elementor-button-text\">Regarder la vid\u00e9o<\/span>\n\t\t\t\t\t<\/span>\n\t\t\t\t\t<\/a>\n\t\t\t\t<\/div>\n\t\t\t\t\t\t\t\t<\/div>\n\t\t\t\t<\/div>\n\t\t\t\t\t<\/div>\n\t\t<\/div>\n\t\t\t\t<div class=\"elementor-column elementor-col-50 elementor-top-column elementor-element elementor-element-e32f3ee\" data-id=\"e32f3ee\" data-element_type=\"column\">\n\t\t\t<div class=\"elementor-widget-wrap elementor-element-populated\">\n\t\t\t\t\t\t<div class=\"elementor-element elementor-element-42aa0a3 elementor-widget elementor-widget-video\" data-id=\"42aa0a3\" data-element_type=\"widget\" data-settings=\"{&quot;youtube_url&quot;:&quot;https:\\\/\\\/www.youtube.com\\\/watch?v=ION07vUAOPc&amp;t=18s&quot;,&quot;show_image_overlay&quot;:&quot;yes&quot;,&quot;image_overlay&quot;:{&quot;url&quot;:&quot;https:\\\/\\\/purple-vest.net\\\/wp-content\\\/uploads\\\/2022\\\/08\\\/DSCF3565-scaled.jpg&quot;,&quot;id&quot;:5101,&quot;size&quot;:&quot;&quot;,&quot;alt&quot;:&quot;&quot;,&quot;source&quot;:&quot;library&quot;},&quot;video_type&quot;:&quot;youtube&quot;}\" data-widget_type=\"video.default\">\n\t\t\t\t<div class=\"elementor-widget-container\">\n\t\t\t\t\t\t\t<div class=\"elementor-wrapper elementor-open-inline\">\n\t\t\t<div class=\"elementor-video\"><\/div>\t\t\t\t<div class=\"elementor-custom-embed-image-overlay\" style=\"background-image: url(https:\/\/purple-vest.net\/wp-content\/uploads\/2022\/08\/DSCF3565-scaled.jpg);\">\n\t\t\t\t\t\t\t\t\t\t\t\t\t\t\t\t<div class=\"elementor-custom-embed-play\" role=\"button\" aria-label=\"Lire la vid\u00e9o\" tabindex=\"0\">\n\t\t\t\t\t\t\t<i aria-hidden=\"true\" class=\"eicon-play\"><\/i>\t\t\t\t\t\t<\/div>\n\t\t\t\t\t\t\t\t\t<\/div>\n\t\t\t\t\t<\/div>\n\t\t\t\t\t\t<\/div>\n\t\t\t\t<\/div>\n\t\t\t\t\t<\/div>\n\t\t<\/div>\n\t\t\t\t\t<\/div>\n\t\t<\/section>\n\t\t\t\t<section class=\"elementor-section elementor-top-section elementor-element elementor-element-7451119 elementor-reverse-tablet elementor-reverse-mobile elementor-section-boxed elementor-section-height-default elementor-section-height-default\" data-id=\"7451119\" data-element_type=\"section\">\n\t\t\t\t\t\t<div class=\"elementor-container elementor-column-gap-default\">\n\t\t\t\t\t<div class=\"elementor-column elementor-col-50 elementor-top-column elementor-element elementor-element-027cef9\" data-id=\"027cef9\" data-element_type=\"column\">\n\t\t\t<div class=\"elementor-widget-wrap elementor-element-populated\">\n\t\t\t\t\t\t<div class=\"elementor-element elementor-element-e326b52 elementor-widget elementor-widget-video\" data-id=\"e326b52\" data-element_type=\"widget\" data-settings=\"{&quot;youtube_url&quot;:&quot;https:\\\/\\\/www.youtube.com\\\/watch?v=VVYmdn_sBJA&quot;,&quot;show_image_overlay&quot;:&quot;yes&quot;,&quot;image_overlay&quot;:{&quot;url&quot;:&quot;https:\\\/\\\/purple-vest.net\\\/wp-content\\\/uploads\\\/2022\\\/08\\\/DSCF0163-scaled.jpg&quot;,&quot;id&quot;:5140,&quot;size&quot;:&quot;&quot;,&quot;alt&quot;:&quot;&quot;,&quot;source&quot;:&quot;library&quot;},&quot;video_type&quot;:&quot;youtube&quot;,&quot;controls&quot;:&quot;yes&quot;}\" data-widget_type=\"video.default\">\n\t\t\t\t<div class=\"elementor-widget-container\">\n\t\t\t\t\t\t\t<div class=\"elementor-wrapper elementor-open-inline\">\n\t\t\t<div class=\"elementor-video\"><\/div>\t\t\t\t<div class=\"elementor-custom-embed-image-overlay\" style=\"background-image: url(https:\/\/purple-vest.net\/wp-content\/uploads\/2022\/08\/DSCF0163-scaled.jpg);\">\n\t\t\t\t\t\t\t\t\t\t\t\t\t\t\t\t<div class=\"elementor-custom-embed-play\" role=\"button\" aria-label=\"Lire la vid\u00e9o\" tabindex=\"0\">\n\t\t\t\t\t\t\t<i aria-hidden=\"true\" class=\"eicon-play\"><\/i>\t\t\t\t\t\t<\/div>\n\t\t\t\t\t\t\t\t\t<\/div>\n\t\t\t\t\t<\/div>\n\t\t\t\t\t\t<\/div>\n\t\t\t\t<\/div>\n\t\t\t\t\t<\/div>\n\t\t<\/div>\n\t\t\t\t<div class=\"elementor-column elementor-col-50 elementor-top-column elementor-element elementor-element-ccb3785\" data-id=\"ccb3785\" data-element_type=\"column\" data-settings=\"{&quot;background_background&quot;:&quot;classic&quot;}\">\n\t\t\t<div class=\"elementor-widget-wrap elementor-element-populated\">\n\t\t\t\t\t\t<div class=\"elementor-element elementor-element-a040769 elementor-widget elementor-widget-heading\" data-id=\"a040769\" data-element_type=\"widget\" data-widget_type=\"heading.default\">\n\t\t\t\t<div class=\"elementor-widget-container\">\n\t\t\t\t\t<h2 class=\"elementor-heading-title elementor-size-default\">Formation au centre<br> d'aide humanitaire en Pologne\n<\/h2>\t\t\t\t<\/div>\n\t\t\t\t<\/div>\n\t\t\t\t<div class=\"elementor-element elementor-element-3b15e11 elementor-align-left elementor-widget elementor-widget-button\" data-id=\"3b15e11\" data-element_type=\"widget\" aria-label=\"Watch the Training at the humanitarian aid center in Poland training video\" data-widget_type=\"button.default\">\n\t\t\t\t<div class=\"elementor-widget-container\">\n\t\t\t\t\t\t\t\t\t<div class=\"elementor-button-wrapper\">\n\t\t\t\t\t<a class=\"elementor-button elementor-button-link elementor-size-sm elementor-animation-float\" href=\"https:\/\/www.youtube.com\/watch?v=VVYmdn_sBJA\" target=\"_blank\">\n\t\t\t\t\t\t<span class=\"elementor-button-content-wrapper\">\n\t\t\t\t\t\t\t\t\t<span class=\"elementor-button-text\">Regarder la vid\u00e9o<\/span>\n\t\t\t\t\t<\/span>\n\t\t\t\t\t<\/a>\n\t\t\t\t<\/div>\n\t\t\t\t\t\t\t\t<\/div>\n\t\t\t\t<\/div>\n\t\t\t\t\t<\/div>\n\t\t<\/div>\n\t\t\t\t\t<\/div>\n\t\t<\/section>\n\t\t\t\t<section class=\"elementor-section elementor-top-section elementor-element elementor-element-5cc348c elementor-section-boxed elementor-section-height-default elementor-section-height-default\" data-id=\"5cc348c\" data-element_type=\"section\">\n\t\t\t\t\t\t<div class=\"elementor-container elementor-column-gap-default\">\n\t\t\t\t\t<div class=\"elementor-column elementor-col-50 elementor-top-column elementor-element elementor-element-ceb3f76\" data-id=\"ceb3f76\" data-element_type=\"column\" data-settings=\"{&quot;background_background&quot;:&quot;classic&quot;}\">\n\t\t\t<div class=\"elementor-widget-wrap elementor-element-populated\">\n\t\t\t\t\t\t<div class=\"elementor-element elementor-element-1df84d1 elementor-widget elementor-widget-heading\" data-id=\"1df84d1\" data-element_type=\"widget\" data-widget_type=\"heading.default\">\n\t\t\t\t<div class=\"elementor-widget-container\">\n\t\t\t\t\t<h2 class=\"elementor-heading-title elementor-size-default\">Formation au centre<br> d'aide humanitaire en Pologne 2\n<\/h2>\t\t\t\t<\/div>\n\t\t\t\t<\/div>\n\t\t\t\t<div class=\"elementor-element elementor-element-4a4fc1c elementor-align-left elementor-widget elementor-widget-button\" data-id=\"4a4fc1c\" data-element_type=\"widget\" aria-label=\"Watch the Training at the humanitarian aid center in Poland training 2 video\" data-widget_type=\"button.default\">\n\t\t\t\t<div class=\"elementor-widget-container\">\n\t\t\t\t\t\t\t\t\t<div class=\"elementor-button-wrapper\">\n\t\t\t\t\t<a class=\"elementor-button elementor-button-link elementor-size-sm elementor-animation-float\" href=\"https:\/\/www.youtube.com\/watch?v=XB1qZS6eriU\">\n\t\t\t\t\t\t<span class=\"elementor-button-content-wrapper\">\n\t\t\t\t\t\t\t\t\t<span class=\"elementor-button-text\">Regarder la vid\u00e9o<\/span>\n\t\t\t\t\t<\/span>\n\t\t\t\t\t<\/a>\n\t\t\t\t<\/div>\n\t\t\t\t\t\t\t\t<\/div>\n\t\t\t\t<\/div>\n\t\t\t\t\t<\/div>\n\t\t<\/div>\n\t\t\t\t<div class=\"elementor-column elementor-col-50 elementor-top-column elementor-element elementor-element-c7a4d07\" data-id=\"c7a4d07\" data-element_type=\"column\">\n\t\t\t<div class=\"elementor-widget-wrap elementor-element-populated\">\n\t\t\t\t\t\t<div class=\"elementor-element elementor-element-683027c elementor-widget elementor-widget-video\" data-id=\"683027c\" data-element_type=\"widget\" data-settings=\"{&quot;youtube_url&quot;:&quot;https:\\\/\\\/www.youtube.com\\\/watch?v=XB1qZS6eriU&quot;,&quot;show_image_overlay&quot;:&quot;yes&quot;,&quot;image_overlay&quot;:{&quot;url&quot;:&quot;https:\\\/\\\/purple-vest.net\\\/wp-content\\\/uploads\\\/2022\\\/08\\\/\\u05e6\\u05d9\\u05dc\\u05d5\\u05dd-\\u05de\\u05e1\\u05da-2022-08-22-085309.png&quot;,&quot;id&quot;:5100,&quot;size&quot;:&quot;&quot;,&quot;alt&quot;:&quot;&quot;,&quot;source&quot;:&quot;library&quot;},&quot;video_type&quot;:&quot;youtube&quot;}\" data-widget_type=\"video.default\">\n\t\t\t\t<div class=\"elementor-widget-container\">\n\t\t\t\t\t\t\t<div class=\"elementor-wrapper elementor-open-inline\">\n\t\t\t<div class=\"elementor-video\"><\/div>\t\t\t\t<div class=\"elementor-custom-embed-image-overlay\" style=\"background-image: url(https:\/\/purple-vest.net\/wp-content\/uploads\/2022\/08\/\u05e6\u05d9\u05dc\u05d5\u05dd-\u05de\u05e1\u05da-2022-08-22-085309.png);\">\n\t\t\t\t\t\t\t\t\t\t\t\t\t\t\t\t<div class=\"elementor-custom-embed-play\" role=\"button\" aria-label=\"Lire la vid\u00e9o\" tabindex=\"0\">\n\t\t\t\t\t\t\t<i aria-hidden=\"true\" class=\"eicon-play\"><\/i>\t\t\t\t\t\t<\/div>\n\t\t\t\t\t\t\t\t\t<\/div>\n\t\t\t\t\t<\/div>\n\t\t\t\t\t\t<\/div>\n\t\t\t\t<\/div>\n\t\t\t\t\t<\/div>\n\t\t<\/div>\n\t\t\t\t\t<\/div>\n\t\t<\/section>\n\t\t\t\t<\/div>\n\t\t","protected":false},"excerpt":{"rendered":"<p>Formation Formation enregistr\u00e9e Dans cette courte formation enregistr\u00e9e, vous d\u00e9couvrirez les \u00e9l\u00e9ments de base qui vous permettront d&rsquo;offrir une assistance accessible aux personnes handicap\u00e9es et aux personnes \u00e2g\u00e9es, qui doivent quitter leur habitation pour un lieu plus s\u00fbr. Vous en apprendrez davantage sur les probl\u00e8mes auxquels sont confront\u00e9es les personnes handicap\u00e9es en situation de crise, [&hellip;]<\/p>\n","protected":false},"author":1,"featured_media":0,"parent":0,"menu_order":0,"comment_status":"closed","ping_status":"closed","template":"","meta":{"footnotes":""},"class_list":["post-6154","page","type-page","status-publish","hentry"],"yoast_head":"<!-- This site is optimized with the Yoast SEO plugin v25.8 - https:\/\/yoast.com\/wordpress\/plugins\/seo\/ -->\n<title>Formation enregistr\u00e9e | Purple Vest Mission<\/title>\n<meta name=\"robots\" content=\"index, follow, max-snippet:-1, max-image-preview:large, max-video-preview:-1\" \/>\n<link rel=\"canonical\" href=\"https:\/\/purple-vest.net\/record-trainig\/\" \/>\n<meta property=\"og:locale\" content=\"fr_FR\" \/>\n<meta property=\"og:type\" content=\"article\" \/>\n<meta property=\"og:title\" content=\"Formation enregistr\u00e9e | Purple Vest Mission\" \/>\n<meta property=\"og:description\" content=\"Formation Formation enregistr\u00e9e Dans cette courte formation enregistr\u00e9e, vous d\u00e9couvrirez les \u00e9l\u00e9ments de base qui vous permettront d&rsquo;offrir une assistance accessible aux personnes handicap\u00e9es et aux personnes \u00e2g\u00e9es, qui doivent quitter leur habitation pour un lieu plus s\u00fbr. Vous en apprendrez davantage sur les probl\u00e8mes auxquels sont confront\u00e9es les personnes handicap\u00e9es en situation de crise, [&hellip;]\" \/>\n<meta property=\"og:url\" content=\"https:\/\/purple-vest.net\/record-trainig\/\" \/>\n<meta property=\"og:site_name\" content=\"Purple Vest Mission\" \/>\n<meta property=\"article:publisher\" content=\"https:\/\/www.facebook.com\/Negishut.Israel\" \/>\n<meta property=\"article:modified_time\" content=\"2022-12-28T08:39:30+00:00\" \/>\n<meta property=\"og:image\" content=\"https:\/\/purple-vest.net\/wp-content\/uploads\/2022\/05\/b.jpg\" \/>\n\t<meta property=\"og:image:width\" content=\"876\" \/>\n\t<meta property=\"og:image:height\" content=\"682\" \/>\n\t<meta property=\"og:image:type\" content=\"image\/jpeg\" \/>\n<meta name=\"twitter:card\" content=\"summary_large_image\" \/>\n<meta name=\"twitter:site\" content=\"@AccessIL\" \/>\n<meta name=\"twitter:label1\" content=\"Dur\u00e9e de lecture estim\u00e9e\" \/>\n\t<meta name=\"twitter:data1\" content=\"1 minute\" \/>\n<script type=\"application\/ld+json\" class=\"yoast-schema-graph\">{\"@context\":\"https:\/\/schema.org\",\"@graph\":[{\"@type\":\"WebPage\",\"@id\":\"https:\/\/purple-vest.net\/record-trainig\/\",\"url\":\"https:\/\/purple-vest.net\/record-trainig\/\",\"name\":\"Formation enregistr\u00e9e | Purple Vest Mission\",\"isPartOf\":{\"@id\":\"https:\/\/purple-vest.net\/#website\"},\"datePublished\":\"2022-06-09T06:29:09+00:00\",\"dateModified\":\"2022-12-28T08:39:30+00:00\",\"breadcrumb\":{\"@id\":\"https:\/\/purple-vest.net\/record-trainig\/#breadcrumb\"},\"inLanguage\":\"fr-FR\",\"potentialAction\":[{\"@type\":\"ReadAction\",\"target\":[\"https:\/\/purple-vest.net\/record-trainig\/\"]}]},{\"@type\":\"BreadcrumbList\",\"@id\":\"https:\/\/purple-vest.net\/record-trainig\/#breadcrumb\",\"itemListElement\":[{\"@type\":\"ListItem\",\"position\":1,\"name\":\"Home\",\"item\":\"https:\/\/purple-vest.net\/he\/\"},{\"@type\":\"ListItem\",\"position\":2,\"name\":\"Formation enregistr\u00e9e\"}]},{\"@type\":\"WebSite\",\"@id\":\"https:\/\/purple-vest.net\/#website\",\"url\":\"https:\/\/purple-vest.net\/\",\"name\":\"Purple Vest Mission\",\"description\":\"Purple Vest Mission - Leave no one behind | By Access Israel | Supported by The Nippon Foundation\",\"publisher\":{\"@id\":\"https:\/\/purple-vest.net\/#organization\"},\"potentialAction\":[{\"@type\":\"SearchAction\",\"target\":{\"@type\":\"EntryPoint\",\"urlTemplate\":\"https:\/\/purple-vest.net\/?s={search_term_string}\"},\"query-input\":{\"@type\":\"PropertyValueSpecification\",\"valueRequired\":true,\"valueName\":\"search_term_string\"}}],\"inLanguage\":\"fr-FR\"},{\"@type\":\"Organization\",\"@id\":\"https:\/\/purple-vest.net\/#organization\",\"name\":\"Purple Vest Mission\",\"url\":\"https:\/\/purple-vest.net\/\",\"logo\":{\"@type\":\"ImageObject\",\"inLanguage\":\"fr-FR\",\"@id\":\"https:\/\/purple-vest.net\/#\/schema\/logo\/image\/\",\"url\":\"https:\/\/purple-vest.net\/wp-content\/uploads\/2022\/05\/Purple-Vest-Logo-finalxx.svg\",\"contentUrl\":\"https:\/\/purple-vest.net\/wp-content\/uploads\/2022\/05\/Purple-Vest-Logo-finalxx.svg\",\"width\":841,\"height\":216,\"caption\":\"Purple Vest Mission\"},\"image\":{\"@id\":\"https:\/\/purple-vest.net\/#\/schema\/logo\/image\/\"},\"sameAs\":[\"https:\/\/www.facebook.com\/Negishut.Israel\",\"https:\/\/x.com\/AccessIL\",\"https:\/\/www.instagram.com\/negishut_israel\/\",\"https:\/\/www.youtube.com\/user\/AisraelORG#pu\"]}]}<\/script>\n<!-- \/ Yoast SEO plugin. -->","yoast_head_json":{"title":"Formation enregistr\u00e9e | Purple Vest Mission","robots":{"index":"index","follow":"follow","max-snippet":"max-snippet:-1","max-image-preview":"max-image-preview:large","max-video-preview":"max-video-preview:-1"},"canonical":"https:\/\/purple-vest.net\/record-trainig\/","og_locale":"fr_FR","og_type":"article","og_title":"Formation enregistr\u00e9e | Purple Vest Mission","og_description":"Formation Formation enregistr\u00e9e Dans cette courte formation enregistr\u00e9e, vous d\u00e9couvrirez les \u00e9l\u00e9ments de base qui vous permettront d&rsquo;offrir une assistance accessible aux personnes handicap\u00e9es et aux personnes \u00e2g\u00e9es, qui doivent quitter leur habitation pour un lieu plus s\u00fbr. Vous en apprendrez davantage sur les probl\u00e8mes auxquels sont confront\u00e9es les personnes handicap\u00e9es en situation de crise, [&hellip;]","og_url":"https:\/\/purple-vest.net\/record-trainig\/","og_site_name":"Purple Vest Mission","article_publisher":"https:\/\/www.facebook.com\/Negishut.Israel","article_modified_time":"2022-12-28T08:39:30+00:00","og_image":[{"width":876,"height":682,"url":"https:\/\/purple-vest.net\/wp-content\/uploads\/2022\/05\/b.jpg","type":"image\/jpeg"}],"twitter_card":"summary_large_image","twitter_site":"@AccessIL","twitter_misc":{"Dur\u00e9e de lecture estim\u00e9e":"1 minute"},"schema":{"@context":"https:\/\/schema.org","@graph":[{"@type":"WebPage","@id":"https:\/\/purple-vest.net\/record-trainig\/","url":"https:\/\/purple-vest.net\/record-trainig\/","name":"Formation enregistr\u00e9e | Purple Vest Mission","isPartOf":{"@id":"https:\/\/purple-vest.net\/#website"},"datePublished":"2022-06-09T06:29:09+00:00","dateModified":"2022-12-28T08:39:30+00:00","breadcrumb":{"@id":"https:\/\/purple-vest.net\/record-trainig\/#breadcrumb"},"inLanguage":"fr-FR","potentialAction":[{"@type":"ReadAction","target":["https:\/\/purple-vest.net\/record-trainig\/"]}]},{"@type":"BreadcrumbList","@id":"https:\/\/purple-vest.net\/record-trainig\/#breadcrumb","itemListElement":[{"@type":"ListItem","position":1,"name":"Home","item":"https:\/\/purple-vest.net\/he\/"},{"@type":"ListItem","position":2,"name":"Formation enregistr\u00e9e"}]},{"@type":"WebSite","@id":"https:\/\/purple-vest.net\/#website","url":"https:\/\/purple-vest.net\/","name":"Purple Vest Mission","description":"Purple Vest Mission - Leave no one behind | By Access Israel | Supported by The Nippon Foundation","publisher":{"@id":"https:\/\/purple-vest.net\/#organization"},"potentialAction":[{"@type":"SearchAction","target":{"@type":"EntryPoint","urlTemplate":"https:\/\/purple-vest.net\/?s={search_term_string}"},"query-input":{"@type":"PropertyValueSpecification","valueRequired":true,"valueName":"search_term_string"}}],"inLanguage":"fr-FR"},{"@type":"Organization","@id":"https:\/\/purple-vest.net\/#organization","name":"Purple Vest Mission","url":"https:\/\/purple-vest.net\/","logo":{"@type":"ImageObject","inLanguage":"fr-FR","@id":"https:\/\/purple-vest.net\/#\/schema\/logo\/image\/","url":"https:\/\/purple-vest.net\/wp-content\/uploads\/2022\/05\/Purple-Vest-Logo-finalxx.svg","contentUrl":"https:\/\/purple-vest.net\/wp-content\/uploads\/2022\/05\/Purple-Vest-Logo-finalxx.svg","width":841,"height":216,"caption":"Purple Vest Mission"},"image":{"@id":"https:\/\/purple-vest.net\/#\/schema\/logo\/image\/"},"sameAs":["https:\/\/www.facebook.com\/Negishut.Israel","https:\/\/x.com\/AccessIL","https:\/\/www.instagram.com\/negishut_israel\/","https:\/\/www.youtube.com\/user\/AisraelORG#pu"]}]}},"_links":{"self":[{"href":"https:\/\/purple-vest.net\/fr\/wp-json\/wp\/v2\/pages\/6154","targetHints":{"allow":["GET"]}}],"collection":[{"href":"https:\/\/purple-vest.net\/fr\/wp-json\/wp\/v2\/pages"}],"about":[{"href":"https:\/\/purple-vest.net\/fr\/wp-json\/wp\/v2\/types\/page"}],"author":[{"embeddable":true,"href":"https:\/\/purple-vest.net\/fr\/wp-json\/wp\/v2\/users\/1"}],"replies":[{"embeddable":true,"href":"https:\/\/purple-vest.net\/fr\/wp-json\/wp\/v2\/comments?post=6154"}],"version-history":[{"count":8,"href":"https:\/\/purple-vest.net\/fr\/wp-json\/wp\/v2\/pages\/6154\/revisions"}],"predecessor-version":[{"id":7746,"href":"https:\/\/purple-vest.net\/fr\/wp-json\/wp\/v2\/pages\/6154\/revisions\/7746"}],"wp:attachment":[{"href":"https:\/\/purple-vest.net\/fr\/wp-json\/wp\/v2\/media?parent=6154"}],"curies":[{"name":"wp","href":"https:\/\/api.w.org\/{rel}","templated":true}]}}