{"id":6148,"date":"2022-06-09T13:21:39","date_gmt":"2022-06-09T13:21:39","guid":{"rendered":"https:\/\/purple-vest.net\/modalites-daccessibilite\/"},"modified":"2022-10-18T12:23:12","modified_gmt":"2022-10-18T12:23:12","slug":"modalites-daccessibilite","status":"publish","type":"page","link":"https:\/\/purple-vest.net\/fr\/modalites-daccessibilite\/","title":{"rendered":"MODALIT\u00c9S D&rsquo;ACCESSIBILIT\u00c9"},"content":{"rendered":"\t\t<div data-elementor-type=\"wp-page\" data-elementor-id=\"6148\" class=\"elementor elementor-6148 elementor-3522\" data-elementor-post-type=\"page\">\n\t\t\t\t\t\t<section class=\"elementor-section elementor-top-section elementor-element elementor-element-527cb85 elementor-section-boxed elementor-section-height-default elementor-section-height-default\" data-id=\"527cb85\" data-element_type=\"section\">\n\t\t\t\t\t\t<div class=\"elementor-container elementor-column-gap-default\">\n\t\t\t\t\t<div class=\"elementor-column elementor-col-100 elementor-top-column elementor-element elementor-element-6a76858\" data-id=\"6a76858\" data-element_type=\"column\">\n\t\t\t<div class=\"elementor-widget-wrap elementor-element-populated\">\n\t\t\t\t\t\t<div class=\"elementor-element elementor-element-d76895d elementor-widget elementor-widget-heading\" data-id=\"d76895d\" data-element_type=\"widget\" data-widget_type=\"heading.default\">\n\t\t\t\t<div class=\"elementor-widget-container\">\n\t\t\t\t\t<h1 class=\"elementor-heading-title elementor-size-default\">MODALIT\u00c9S D'ACCESSIBILIT\u00c9<\/h1>\t\t\t\t<\/div>\n\t\t\t\t<\/div>\n\t\t\t\t<div class=\"elementor-element elementor-element-a1b8cb2 elementor-widget elementor-widget-text-editor\" data-id=\"a1b8cb2\" data-element_type=\"widget\" data-widget_type=\"text-editor.default\">\n\t\t\t\t<div class=\"elementor-widget-container\">\n\t\t\t\t\t\t\t\t\t<p><span style=\"font-weight: 400;\">Purple Vest Mission, par Access Israel d\u00e9ploie tous les efforts possibles et consacre beaucoup de ressources pour garantir \u00e0 tous ses clients l&rsquo;\u00e9galit\u00e9, le respect, l&rsquo;accessibilit\u00e9 et le professionnalisme de ses services. Conform\u00e9ment \u00e0 la loi sur l&rsquo;\u00e9galit\u00e9 des droits pour les handicap\u00e9s de 1998 et aux r\u00e8glements adopt\u00e9s en application de celle-ci, des efforts et des ressources consid\u00e9rables sont d\u00e9ploy\u00e9s pour adapter l&rsquo;accessibilit\u00e9 aux besoins des personnes handicap\u00e9es, afin de leur permettre de jouir de mani\u00e8re ind\u00e9pendante et \u00e9gale des services accessibles au grand public.<\/span><\/p>\n\t\t\t\t\t\t\t\t<\/div>\n\t\t\t\t<\/div>\n\t\t\t\t<div class=\"elementor-element elementor-element-a210c17 elementor-widget elementor-widget-heading\" data-id=\"a210c17\" data-element_type=\"widget\" data-widget_type=\"heading.default\">\n\t\t\t\t<div class=\"elementor-widget-container\">\n\t\t\t\t\t<h2 class=\"elementor-heading-title elementor-size-default\">MODALIT\u00c9S D'ACCESSIBILIT\u00c9 DES B\u00c2TIMENTS<\/h2>\t\t\t\t<\/div>\n\t\t\t\t<\/div>\n\t\t\t\t<div class=\"elementor-element elementor-element-7ab821a elementor-widget elementor-widget-text-editor\" data-id=\"7ab821a\" data-element_type=\"widget\" data-widget_type=\"text-editor.default\">\n\t\t\t\t<div class=\"elementor-widget-container\">\n\t\t\t\t\t\t\t\t\t<p><span style=\"font-weight: 400;\">Les modalit\u00e9s d&rsquo;accessibilit\u00e9 du centre d&rsquo;accueil situ\u00e9 \u00e0 Derech HaSharon 12, Kefar Sava, Isra\u00ebl, sont indiqu\u00e9es ci-dessous.<\/span><\/p>\n<ul>\n<li style=\"font-weight: 400;\" aria-level=\"1\"><span style=\"font-weight: 400;\">Des places de stationnement pour handicap\u00e9s sont disponibles \u00e0 Derech HaSharon 12, Kefar Sava, Isra\u00ebl, ainsi que dans le parking voisin, y compris pour les voitures hautes.<\/span><\/li>\n<li style=\"font-weight: 400;\" aria-level=\"1\"><span style=\"font-weight: 400;\">Il existe un continuum d&rsquo;acc\u00e8s, du parking \u00e0 l&rsquo;entr\u00e9e du centre d&rsquo;accueil, et ce jusqu&rsquo;\u00e0 ce que le service soit fourni.<\/span><\/li>\n<li style=\"font-weight: 400;\" aria-level=\"1\"><span style=\"font-weight: 400;\">Le centre d&rsquo;accueil comporte des postes de service accessibles.<\/span><\/li>\n<li style=\"font-weight: 400;\" aria-level=\"1\"><span style=\"font-weight: 400;\">En cas de besoin, vous pouvez solliciter l&rsquo;aide des repr\u00e9sentants du service pour remplir les formulaires.<\/span><\/li>\n<\/ul>\n\t\t\t\t\t\t\t\t<\/div>\n\t\t\t\t<\/div>\n\t\t\t\t<div class=\"elementor-element elementor-element-3f26c8b elementor-widget elementor-widget-heading\" data-id=\"3f26c8b\" data-element_type=\"widget\" data-widget_type=\"heading.default\">\n\t\t\t\t<div class=\"elementor-widget-container\">\n\t\t\t\t\t<h2 class=\"elementor-heading-title elementor-size-default\">SERVICE CLIENT\u00c8LE ACCESSIBLE<\/h2>\t\t\t\t<\/div>\n\t\t\t\t<\/div>\n\t\t\t\t<div class=\"elementor-element elementor-element-8bef18e elementor-widget elementor-widget-text-editor\" data-id=\"8bef18e\" data-element_type=\"widget\" data-widget_type=\"text-editor.default\">\n\t\t\t\t<div class=\"elementor-widget-container\">\n\t\t\t\t\t\t\t\t\t<p><span style=\"font-weight: 400;\">Autres formulaires de contact : il existe quelques formulaires de contact :<\/span><\/p>\n<ul>\n<li style=\"font-weight: 400;\" aria-level=\"1\"><span style=\"font-weight: 400;\">E-mail : pvm@aisrael.org<\/span><\/li>\n<li style=\"font-weight: 400;\" aria-level=\"1\"><span style=\"font-weight: 400;\">T\u00e9l\u00e9phone : +972-54-3445596<\/span><\/li>\n<\/ul>\n\t\t\t\t\t\t\t\t<\/div>\n\t\t\t\t<\/div>\n\t\t\t\t<div class=\"elementor-element elementor-element-f0dffcc elementor-widget elementor-widget-heading\" data-id=\"f0dffcc\" data-element_type=\"widget\" data-widget_type=\"heading.default\">\n\t\t\t\t<div class=\"elementor-widget-container\">\n\t\t\t\t\t<h2 class=\"elementor-heading-title elementor-size-default\">ACCESSIBILIT\u00c9 AUX SITES WEB<\/h2>\t\t\t\t<\/div>\n\t\t\t\t<\/div>\n\t\t\t\t<div class=\"elementor-element elementor-element-058ff71 elementor-widget elementor-widget-text-editor\" data-id=\"058ff71\" data-element_type=\"widget\" data-widget_type=\"text-editor.default\">\n\t\t\t\t<div class=\"elementor-widget-container\">\n\t\t\t\t\t\t\t\t\t<p><span style=\"font-weight: 400;\">Un site web accessible n&rsquo;est rien d&rsquo;autre qu&rsquo;une plateforme permettant aux personnes handicap\u00e9es et \u00e2g\u00e9es de naviguer sur Internet avec la m\u00eame efficacit\u00e9 et le m\u00eame plaisir que les autres utilisateurs. Selon une \u00e9tude men\u00e9e par Microsoft en 2003, environ 20 \u00e0 25 % de la population naviguent difficilement sur Internet et pourraient avoir besoin d&rsquo;un contenu Web plus accessible.<\/span><span style=\"font-weight: 400;\"><br \/><\/span><span style=\"font-weight: 400;\">Purple Vest Mission, par Access Israel, croit et \u0153uvre en faveur de l&rsquo;\u00e9galit\u00e9 des chances sur Internet, tant pour les personnes atteintes de divers handicaps que pour celles qui utilisent des technologies d&rsquo;assistance informatique.<\/span><\/p>\n\t\t\t\t\t\t\t\t<\/div>\n\t\t\t\t<\/div>\n\t\t\t\t<div class=\"elementor-element elementor-element-6d8f3a3 elementor-widget elementor-widget-heading\" data-id=\"6d8f3a3\" data-element_type=\"widget\" data-widget_type=\"heading.default\">\n\t\t\t\t<div class=\"elementor-widget-container\">\n\t\t\t\t\t<h3 class=\"elementor-heading-title elementor-size-default\">INFORMATIONS SUR L'ACCESSIBILIT\u00c9 AUX SITES WEB<\/h3>\t\t\t\t<\/div>\n\t\t\t\t<\/div>\n\t\t\t\t<div class=\"elementor-element elementor-element-dd6431e elementor-widget elementor-widget-text-editor\" data-id=\"dd6431e\" data-element_type=\"widget\" data-widget_type=\"text-editor.default\">\n\t\t\t\t<div class=\"elementor-widget-container\">\n\t\t\t\t\t\t\t\t\t<p><span style=\"font-weight: 400;\">Ce site est conforme \u00e0 la r\u00e9glementation visant \u00e0 promouvoir l&rsquo;\u00e9galit\u00e9 des droits des personnes handicap\u00e9es de 2013 (adaptation de l&rsquo;accessibilit\u00e9 au service).<\/span><\/p>\n<ul>\n<li style=\"font-weight: 400;\" aria-level=\"1\"><span style=\"font-weight: 400;\">Les ajustements en mati\u00e8re d&rsquo;accessibilit\u00e9 ont \u00e9t\u00e9 op\u00e9r\u00e9s selon les normes isra\u00e9liennes (ISR 5568) pour l&rsquo;accessibilit\u00e9 du contenu Web au niveau AA, et selon la norme internationale WCAG2.0.<\/span><\/li>\n<li style=\"font-weight: 400;\" aria-level=\"1\"><span style=\"font-weight: 400;\">Des tests ont \u00e9t\u00e9 effectu\u00e9s pour s&rsquo;assurer de la meilleure compatibilit\u00e9 avec le navigateur Chrome.<\/span><\/li>\n<li style=\"font-weight: 400;\" aria-level=\"1\"><span style=\"font-weight: 400;\">Le site Internet fournit une structure s\u00e9mantique adapt\u00e9e aux technologies d&rsquo;assistance et utilise les commandes standard d&rsquo;un clavier, avec les touches de direction, Enter et Esc pour fermer les menus et les fen\u00eatres.<\/span><\/li>\n<li style=\"font-weight: 400;\" aria-level=\"1\"><span style=\"font-weight: 400;\">Ajust\u00e9 pour \u00eatre affich\u00e9 dans les navigateurs les plus utilis\u00e9s, et compatible avec les mobiles.<\/span><\/li>\n<li style=\"font-weight: 400;\" aria-level=\"1\"><span style=\"font-weight: 400;\">Pour une exp\u00e9rience utilisateur optimale avec un logiciel de lecture \u00e0 l&rsquo;\u00e9cran, nous vous recommandons d&rsquo;utiliser la derni\u00e8re version du programme NVDA.<\/span><\/li>\n<\/ul>\n<p><span style=\"text-decoration: underline;\"><a href=\"https:\/\/a-2-z.co.il\/specializations\/accessibility-sites\/\"><span style=\"font-weight: 400;\">A-2-Z Les principaux consultants en accessibilit\u00e9 du Web et en marketing<\/span><\/a><\/span> <span style=\"font-weight: 400;\"> ont r\u00e9alis\u00e9 l&rsquo;audit d&rsquo;accessibilit\u00e9 du site Internet.<\/span><\/p>\n\t\t\t\t\t\t\t\t<\/div>\n\t\t\t\t<\/div>\n\t\t\t\t<div class=\"elementor-element elementor-element-0d84e6f elementor-widget elementor-widget-heading\" data-id=\"0d84e6f\" data-element_type=\"widget\" data-widget_type=\"heading.default\">\n\t\t\t\t<div class=\"elementor-widget-container\">\n\t\t\t\t\t<h2 class=\"elementor-heading-title elementor-size-default\">DES MOYENS DE CONTACT DESTIN\u00c9S \u00c0 RECEVOIR DES REQU\u00caTES ET DES SUGGESTIONS POUR AM\u00c9LIORER L'ACCESSIBILIT\u00c9<\/h2>\t\t\t\t<\/div>\n\t\t\t\t<\/div>\n\t\t\t\t<div class=\"elementor-element elementor-element-46a9a43 elementor-widget elementor-widget-text-editor\" data-id=\"46a9a43\" data-element_type=\"widget\" data-widget_type=\"text-editor.default\">\n\t\t\t\t<div class=\"elementor-widget-container\">\n\t\t\t\t\t\t\t\t\t<p><span style=\"font-weight: 400;\">Il convient de souligner que dans le cadre de notre engagement \u00e0 offrir un service accessible au grand public, y compris aux handicap\u00e9s, nous nous effor\u00e7ons toujours d&rsquo;am\u00e9liorer l&rsquo;accessibilit\u00e9 de l&rsquo;entreprise.<\/span><span style=\"font-weight: 400;\"><br \/><\/span><span style=\"font-weight: 400;\">Si vous \u00e9prouvez un quelconque probl\u00e8me d&rsquo;accessibilit\u00e9, veuillez nous le faire savoir et nous nous efforcerons de trouver une solution adapt\u00e9e et de r\u00e9soudre le probl\u00e8me dans les plus brefs d\u00e9lais.<\/span><\/p>\n\t\t\t\t\t\t\t\t<\/div>\n\t\t\t\t<\/div>\n\t\t\t\t<div class=\"elementor-element elementor-element-088648b elementor-widget elementor-widget-heading\" data-id=\"088648b\" data-element_type=\"widget\" data-widget_type=\"heading.default\">\n\t\t\t\t<div class=\"elementor-widget-container\">\n\t\t\t\t\t<h2 class=\"elementor-heading-title elementor-size-default\">COORDINATEUR DE L'ACCESSIBILIT\u00c9<\/h2>\t\t\t\t<\/div>\n\t\t\t\t<\/div>\n\t\t\t\t<div class=\"elementor-element elementor-element-03b590e elementor-widget elementor-widget-text-editor\" data-id=\"03b590e\" data-element_type=\"widget\" data-widget_type=\"text-editor.default\">\n\t\t\t\t<div class=\"elementor-widget-container\">\n\t\t\t\t\t\t\t\t\t<ul>\n<li style=\"font-weight: 400;\" aria-level=\"1\"><span style=\"font-weight: 400;\">Nom : Hila<\/span><\/li>\n<li style=\"font-weight: 400;\" aria-level=\"1\"><span style=\"font-weight: 400;\">T\u00e9l\u00e9phone : +972-54-3445596<\/span><\/li>\n<li style=\"font-weight: 400;\" aria-level=\"1\"><span style=\"font-weight: 400;\">E-mail : pvm@aisrael.org<\/span><\/li>\n<\/ul>\n\t\t\t\t\t\t\t\t<\/div>\n\t\t\t\t<\/div>\n\t\t\t\t<div class=\"elementor-element elementor-element-50de9d2 elementor-widget elementor-widget-heading\" data-id=\"50de9d2\" data-element_type=\"widget\" data-widget_type=\"heading.default\">\n\t\t\t\t<div class=\"elementor-widget-container\">\n\t\t\t\t\t<h3 class=\"elementor-heading-title elementor-size-default\">Derni\u00e8re mise \u00e0 jour : 04\/07\/22<\/h3>\t\t\t\t<\/div>\n\t\t\t\t<\/div>\n\t\t\t\t\t<\/div>\n\t\t<\/div>\n\t\t\t\t\t<\/div>\n\t\t<\/section>\n\t\t\t\t<\/div>\n\t\t","protected":false},"excerpt":{"rendered":"<p>MODALIT\u00c9S D&rsquo;ACCESSIBILIT\u00c9 Purple Vest Mission, par Access Israel d\u00e9ploie tous les efforts possibles et consacre beaucoup de ressources pour garantir \u00e0 tous ses clients l&rsquo;\u00e9galit\u00e9, le respect, l&rsquo;accessibilit\u00e9 et le professionnalisme de ses services. Conform\u00e9ment \u00e0 la loi sur l&rsquo;\u00e9galit\u00e9 des droits pour les handicap\u00e9s de 1998 et aux r\u00e8glements adopt\u00e9s en application de celle-ci, [&hellip;]<\/p>\n","protected":false},"author":1,"featured_media":0,"parent":0,"menu_order":0,"comment_status":"closed","ping_status":"closed","template":"","meta":{"footnotes":""},"class_list":["post-6148","page","type-page","status-publish","hentry"],"yoast_head":"<!-- This site is optimized with the Yoast SEO plugin v25.8 - https:\/\/yoast.com\/wordpress\/plugins\/seo\/ -->\n<title>MODALIT\u00c9S D&#039;ACCESSIBILIT\u00c9 | Purple Vest Mission<\/title>\n<meta name=\"description\" content=\"Purple Vest Mission, par Access Israel d\u00e9ploie tous les efforts possibles et consacre beaucoup de ressources pour garantir \u00e0 tous ses clients l&#039;\u00e9galit\u00e9, le respect, l&#039;accessibilit\u00e9 et le professionnalisme de ses services. Conform\u00e9ment \u00e0 la loi sur l&#039;\u00e9galit\u00e9 des droits pour les handicap\u00e9s de 1998 et aux r\u00e8glements adopt\u00e9s en application de celle-ci, des efforts et des ressources consid\u00e9rables sont d\u00e9ploy\u00e9s pour adapter l&#039;accessibilit\u00e9 aux besoins des personnes handicap\u00e9es, afin de leur permettre de jouir de mani\u00e8re ind\u00e9pendante et \u00e9gale des services accessibles au grand public.\" \/>\n<meta name=\"robots\" content=\"index, follow, max-snippet:-1, max-image-preview:large, max-video-preview:-1\" \/>\n<link rel=\"canonical\" href=\"https:\/\/purple-vest.net\/modalites-daccessibilite\/?lang=fr\" \/>\n<meta property=\"og:locale\" content=\"fr_FR\" \/>\n<meta property=\"og:type\" content=\"article\" \/>\n<meta property=\"og:title\" content=\"MODALIT\u00c9S D&#039;ACCESSIBILIT\u00c9 | Purple Vest Mission\" \/>\n<meta property=\"og:description\" content=\"Purple Vest Mission, par Access Israel d\u00e9ploie tous les efforts possibles et consacre beaucoup de ressources pour garantir \u00e0 tous ses clients l&#039;\u00e9galit\u00e9, le respect, l&#039;accessibilit\u00e9 et le professionnalisme de ses services. Conform\u00e9ment \u00e0 la loi sur l&#039;\u00e9galit\u00e9 des droits pour les handicap\u00e9s de 1998 et aux r\u00e8glements adopt\u00e9s en application de celle-ci, des efforts et des ressources consid\u00e9rables sont d\u00e9ploy\u00e9s pour adapter l&#039;accessibilit\u00e9 aux besoins des personnes handicap\u00e9es, afin de leur permettre de jouir de mani\u00e8re ind\u00e9pendante et \u00e9gale des services accessibles au grand public.\" \/>\n<meta property=\"og:url\" content=\"https:\/\/purple-vest.net\/modalites-daccessibilite\/?lang=fr\" \/>\n<meta property=\"og:site_name\" content=\"Purple Vest Mission\" \/>\n<meta property=\"article:publisher\" content=\"https:\/\/www.facebook.com\/Negishut.Israel\" \/>\n<meta property=\"article:modified_time\" content=\"2022-10-18T12:23:12+00:00\" \/>\n<meta property=\"og:image\" content=\"https:\/\/purple-vest.net\/wp-content\/uploads\/2022\/05\/b.jpg\" \/>\n\t<meta property=\"og:image:width\" content=\"876\" \/>\n\t<meta property=\"og:image:height\" content=\"682\" \/>\n\t<meta property=\"og:image:type\" content=\"image\/jpeg\" \/>\n<meta name=\"twitter:card\" content=\"summary_large_image\" \/>\n<meta name=\"twitter:site\" content=\"@AccessIL\" \/>\n<meta name=\"twitter:label1\" content=\"Dur\u00e9e de lecture estim\u00e9e\" \/>\n\t<meta name=\"twitter:data1\" content=\"3 minutes\" \/>\n<script type=\"application\/ld+json\" class=\"yoast-schema-graph\">{\"@context\":\"https:\/\/schema.org\",\"@graph\":[{\"@type\":\"WebPage\",\"@id\":\"https:\/\/purple-vest.net\/modalites-daccessibilite\/?lang=fr\",\"url\":\"https:\/\/purple-vest.net\/modalites-daccessibilite\/?lang=fr\",\"name\":\"MODALIT\u00c9S D'ACCESSIBILIT\u00c9 | Purple Vest Mission\",\"isPartOf\":{\"@id\":\"https:\/\/purple-vest.net\/#website\"},\"datePublished\":\"2022-06-09T13:21:39+00:00\",\"dateModified\":\"2022-10-18T12:23:12+00:00\",\"description\":\"Purple Vest Mission, par Access Israel d\u00e9ploie tous les efforts possibles et consacre beaucoup de ressources pour garantir \u00e0 tous ses clients l'\u00e9galit\u00e9, le respect, l'accessibilit\u00e9 et le professionnalisme de ses services. Conform\u00e9ment \u00e0 la loi sur l'\u00e9galit\u00e9 des droits pour les handicap\u00e9s de 1998 et aux r\u00e8glements adopt\u00e9s en application de celle-ci, des efforts et des ressources consid\u00e9rables sont d\u00e9ploy\u00e9s pour adapter l'accessibilit\u00e9 aux besoins des personnes handicap\u00e9es, afin de leur permettre de jouir de mani\u00e8re ind\u00e9pendante et \u00e9gale des services accessibles au grand public.\",\"breadcrumb\":{\"@id\":\"https:\/\/purple-vest.net\/modalites-daccessibilite\/?lang=fr#breadcrumb\"},\"inLanguage\":\"fr-FR\",\"potentialAction\":[{\"@type\":\"ReadAction\",\"target\":[\"https:\/\/purple-vest.net\/modalites-daccessibilite\/?lang=fr\"]}]},{\"@type\":\"BreadcrumbList\",\"@id\":\"https:\/\/purple-vest.net\/modalites-daccessibilite\/?lang=fr#breadcrumb\",\"itemListElement\":[{\"@type\":\"ListItem\",\"position\":1,\"name\":\"Home\",\"item\":\"https:\/\/purple-vest.net\/he\/\"},{\"@type\":\"ListItem\",\"position\":2,\"name\":\"MODALIT\u00c9S D&#8217;ACCESSIBILIT\u00c9\"}]},{\"@type\":\"WebSite\",\"@id\":\"https:\/\/purple-vest.net\/#website\",\"url\":\"https:\/\/purple-vest.net\/\",\"name\":\"Purple Vest Mission\",\"description\":\"Purple Vest Mission - Leave no one behind | By Access Israel | Supported by The Nippon Foundation\",\"publisher\":{\"@id\":\"https:\/\/purple-vest.net\/#organization\"},\"potentialAction\":[{\"@type\":\"SearchAction\",\"target\":{\"@type\":\"EntryPoint\",\"urlTemplate\":\"https:\/\/purple-vest.net\/?s={search_term_string}\"},\"query-input\":{\"@type\":\"PropertyValueSpecification\",\"valueRequired\":true,\"valueName\":\"search_term_string\"}}],\"inLanguage\":\"fr-FR\"},{\"@type\":\"Organization\",\"@id\":\"https:\/\/purple-vest.net\/#organization\",\"name\":\"Purple Vest Mission\",\"url\":\"https:\/\/purple-vest.net\/\",\"logo\":{\"@type\":\"ImageObject\",\"inLanguage\":\"fr-FR\",\"@id\":\"https:\/\/purple-vest.net\/#\/schema\/logo\/image\/\",\"url\":\"https:\/\/purple-vest.net\/wp-content\/uploads\/2022\/05\/Purple-Vest-Logo-finalxx.svg\",\"contentUrl\":\"https:\/\/purple-vest.net\/wp-content\/uploads\/2022\/05\/Purple-Vest-Logo-finalxx.svg\",\"width\":841,\"height\":216,\"caption\":\"Purple Vest Mission\"},\"image\":{\"@id\":\"https:\/\/purple-vest.net\/#\/schema\/logo\/image\/\"},\"sameAs\":[\"https:\/\/www.facebook.com\/Negishut.Israel\",\"https:\/\/x.com\/AccessIL\",\"https:\/\/www.instagram.com\/negishut_israel\/\",\"https:\/\/www.youtube.com\/user\/AisraelORG#pu\"]}]}<\/script>\n<!-- \/ Yoast SEO plugin. -->","yoast_head_json":{"title":"MODALIT\u00c9S D'ACCESSIBILIT\u00c9 | Purple Vest Mission","description":"Purple Vest Mission, par Access Israel d\u00e9ploie tous les efforts possibles et consacre beaucoup de ressources pour garantir \u00e0 tous ses clients l'\u00e9galit\u00e9, le respect, l'accessibilit\u00e9 et le professionnalisme de ses services. Conform\u00e9ment \u00e0 la loi sur l'\u00e9galit\u00e9 des droits pour les handicap\u00e9s de 1998 et aux r\u00e8glements adopt\u00e9s en application de celle-ci, des efforts et des ressources consid\u00e9rables sont d\u00e9ploy\u00e9s pour adapter l'accessibilit\u00e9 aux besoins des personnes handicap\u00e9es, afin de leur permettre de jouir de mani\u00e8re ind\u00e9pendante et \u00e9gale des services accessibles au grand public.","robots":{"index":"index","follow":"follow","max-snippet":"max-snippet:-1","max-image-preview":"max-image-preview:large","max-video-preview":"max-video-preview:-1"},"canonical":"https:\/\/purple-vest.net\/modalites-daccessibilite\/?lang=fr","og_locale":"fr_FR","og_type":"article","og_title":"MODALIT\u00c9S D'ACCESSIBILIT\u00c9 | Purple Vest Mission","og_description":"Purple Vest Mission, par Access Israel d\u00e9ploie tous les efforts possibles et consacre beaucoup de ressources pour garantir \u00e0 tous ses clients l'\u00e9galit\u00e9, le respect, l'accessibilit\u00e9 et le professionnalisme de ses services. Conform\u00e9ment \u00e0 la loi sur l'\u00e9galit\u00e9 des droits pour les handicap\u00e9s de 1998 et aux r\u00e8glements adopt\u00e9s en application de celle-ci, des efforts et des ressources consid\u00e9rables sont d\u00e9ploy\u00e9s pour adapter l'accessibilit\u00e9 aux besoins des personnes handicap\u00e9es, afin de leur permettre de jouir de mani\u00e8re ind\u00e9pendante et \u00e9gale des services accessibles au grand public.","og_url":"https:\/\/purple-vest.net\/modalites-daccessibilite\/?lang=fr","og_site_name":"Purple Vest Mission","article_publisher":"https:\/\/www.facebook.com\/Negishut.Israel","article_modified_time":"2022-10-18T12:23:12+00:00","og_image":[{"width":876,"height":682,"url":"https:\/\/purple-vest.net\/wp-content\/uploads\/2022\/05\/b.jpg","type":"image\/jpeg"}],"twitter_card":"summary_large_image","twitter_site":"@AccessIL","twitter_misc":{"Dur\u00e9e de lecture estim\u00e9e":"3 minutes"},"schema":{"@context":"https:\/\/schema.org","@graph":[{"@type":"WebPage","@id":"https:\/\/purple-vest.net\/modalites-daccessibilite\/?lang=fr","url":"https:\/\/purple-vest.net\/modalites-daccessibilite\/?lang=fr","name":"MODALIT\u00c9S D'ACCESSIBILIT\u00c9 | Purple Vest Mission","isPartOf":{"@id":"https:\/\/purple-vest.net\/#website"},"datePublished":"2022-06-09T13:21:39+00:00","dateModified":"2022-10-18T12:23:12+00:00","description":"Purple Vest Mission, par Access Israel d\u00e9ploie tous les efforts possibles et consacre beaucoup de ressources pour garantir \u00e0 tous ses clients l'\u00e9galit\u00e9, le respect, l'accessibilit\u00e9 et le professionnalisme de ses services. Conform\u00e9ment \u00e0 la loi sur l'\u00e9galit\u00e9 des droits pour les handicap\u00e9s de 1998 et aux r\u00e8glements adopt\u00e9s en application de celle-ci, des efforts et des ressources consid\u00e9rables sont d\u00e9ploy\u00e9s pour adapter l'accessibilit\u00e9 aux besoins des personnes handicap\u00e9es, afin de leur permettre de jouir de mani\u00e8re ind\u00e9pendante et \u00e9gale des services accessibles au grand public.","breadcrumb":{"@id":"https:\/\/purple-vest.net\/modalites-daccessibilite\/?lang=fr#breadcrumb"},"inLanguage":"fr-FR","potentialAction":[{"@type":"ReadAction","target":["https:\/\/purple-vest.net\/modalites-daccessibilite\/?lang=fr"]}]},{"@type":"BreadcrumbList","@id":"https:\/\/purple-vest.net\/modalites-daccessibilite\/?lang=fr#breadcrumb","itemListElement":[{"@type":"ListItem","position":1,"name":"Home","item":"https:\/\/purple-vest.net\/he\/"},{"@type":"ListItem","position":2,"name":"MODALIT\u00c9S D&#8217;ACCESSIBILIT\u00c9"}]},{"@type":"WebSite","@id":"https:\/\/purple-vest.net\/#website","url":"https:\/\/purple-vest.net\/","name":"Purple Vest Mission","description":"Purple Vest Mission - Leave no one behind | By Access Israel | Supported by The Nippon Foundation","publisher":{"@id":"https:\/\/purple-vest.net\/#organization"},"potentialAction":[{"@type":"SearchAction","target":{"@type":"EntryPoint","urlTemplate":"https:\/\/purple-vest.net\/?s={search_term_string}"},"query-input":{"@type":"PropertyValueSpecification","valueRequired":true,"valueName":"search_term_string"}}],"inLanguage":"fr-FR"},{"@type":"Organization","@id":"https:\/\/purple-vest.net\/#organization","name":"Purple Vest Mission","url":"https:\/\/purple-vest.net\/","logo":{"@type":"ImageObject","inLanguage":"fr-FR","@id":"https:\/\/purple-vest.net\/#\/schema\/logo\/image\/","url":"https:\/\/purple-vest.net\/wp-content\/uploads\/2022\/05\/Purple-Vest-Logo-finalxx.svg","contentUrl":"https:\/\/purple-vest.net\/wp-content\/uploads\/2022\/05\/Purple-Vest-Logo-finalxx.svg","width":841,"height":216,"caption":"Purple Vest Mission"},"image":{"@id":"https:\/\/purple-vest.net\/#\/schema\/logo\/image\/"},"sameAs":["https:\/\/www.facebook.com\/Negishut.Israel","https:\/\/x.com\/AccessIL","https:\/\/www.instagram.com\/negishut_israel\/","https:\/\/www.youtube.com\/user\/AisraelORG#pu"]}]}},"_links":{"self":[{"href":"https:\/\/purple-vest.net\/fr\/wp-json\/wp\/v2\/pages\/6148","targetHints":{"allow":["GET"]}}],"collection":[{"href":"https:\/\/purple-vest.net\/fr\/wp-json\/wp\/v2\/pages"}],"about":[{"href":"https:\/\/purple-vest.net\/fr\/wp-json\/wp\/v2\/types\/page"}],"author":[{"embeddable":true,"href":"https:\/\/purple-vest.net\/fr\/wp-json\/wp\/v2\/users\/1"}],"replies":[{"embeddable":true,"href":"https:\/\/purple-vest.net\/fr\/wp-json\/wp\/v2\/comments?post=6148"}],"version-history":[{"count":1,"href":"https:\/\/purple-vest.net\/fr\/wp-json\/wp\/v2\/pages\/6148\/revisions"}],"predecessor-version":[{"id":6149,"href":"https:\/\/purple-vest.net\/fr\/wp-json\/wp\/v2\/pages\/6148\/revisions\/6149"}],"wp:attachment":[{"href":"https:\/\/purple-vest.net\/fr\/wp-json\/wp\/v2\/media?parent=6148"}],"curies":[{"name":"wp","href":"https:\/\/api.w.org\/{rel}","templated":true}]}}