{"id":6114,"date":"2022-06-09T13:21:39","date_gmt":"2022-06-09T13:21:39","guid":{"rendered":"https:\/\/purple-vest.net\/acuerdos-de-accesibilidad\/"},"modified":"2022-10-18T12:23:12","modified_gmt":"2022-10-18T12:23:12","slug":"acuerdos-de-accesibilidad","status":"publish","type":"page","link":"https:\/\/purple-vest.net\/es\/acuerdos-de-accesibilidad\/","title":{"rendered":"Acuerdos de accesibilidad"},"content":{"rendered":"\t\t<div data-elementor-type=\"wp-page\" data-elementor-id=\"6114\" class=\"elementor elementor-6114 elementor-3522\" data-elementor-post-type=\"page\">\n\t\t\t\t\t\t<section class=\"elementor-section elementor-top-section elementor-element elementor-element-527cb85 elementor-section-boxed elementor-section-height-default elementor-section-height-default\" data-id=\"527cb85\" data-element_type=\"section\">\n\t\t\t\t\t\t<div class=\"elementor-container elementor-column-gap-default\">\n\t\t\t\t\t<div class=\"elementor-column elementor-col-100 elementor-top-column elementor-element elementor-element-6a76858\" data-id=\"6a76858\" data-element_type=\"column\">\n\t\t\t<div class=\"elementor-widget-wrap elementor-element-populated\">\n\t\t\t\t\t\t<div class=\"elementor-element elementor-element-d76895d elementor-widget elementor-widget-heading\" data-id=\"d76895d\" data-element_type=\"widget\" data-widget_type=\"heading.default\">\n\t\t\t\t<div class=\"elementor-widget-container\">\n\t\t\t\t\t<h1 class=\"elementor-heading-title elementor-size-default\">Acuerdos de accesibilidad<\/h1>\t\t\t\t<\/div>\n\t\t\t\t<\/div>\n\t\t\t\t<div class=\"elementor-element elementor-element-a1b8cb2 elementor-widget elementor-widget-text-editor\" data-id=\"a1b8cb2\" data-element_type=\"widget\" data-widget_type=\"text-editor.default\">\n\t\t\t\t<div class=\"elementor-widget-container\">\n\t\t\t\t\t\t\t\t\t<p><span style=\"font-weight: 400;\">Purple Vest Missiob, de Access Israel, invierte los m\u00e1ximos esfuerzos y muchos recursos para brindar a todos sus clientes servicios iguales, respetables, accesibles y profesionales. De acuerdo con la Ley de Igualdad de Derechos de las Personas con Discapacidad de 1998, y su reglamento, se invierten muchos esfuerzos y recursos, realizando los ajustes de accesibilidad necesarios, que permitir\u00e1n que una persona con discapacidad reciba de forma independiente e igualitaria los servicios prestados. al p\u00fablico en general.<\/span><\/p>\n\t\t\t\t\t\t\t\t<\/div>\n\t\t\t\t<\/div>\n\t\t\t\t<div class=\"elementor-element elementor-element-a210c17 elementor-widget elementor-widget-heading\" data-id=\"a210c17\" data-element_type=\"widget\" data-widget_type=\"heading.default\">\n\t\t\t\t<div class=\"elementor-widget-container\">\n\t\t\t\t\t<h2 class=\"elementor-heading-title elementor-size-default\">CONSTRUCCIONES DE ARREGLOS DE ACCESIBILIDAD<\/h2>\t\t\t\t<\/div>\n\t\t\t\t<\/div>\n\t\t\t\t<div class=\"elementor-element elementor-element-7ab821a elementor-widget elementor-widget-text-editor\" data-id=\"7ab821a\" data-element_type=\"widget\" data-widget_type=\"text-editor.default\">\n\t\t\t\t<div class=\"elementor-widget-container\">\n\t\t\t\t\t\t\t\t\t<p><span style=\"font-weight: 400;\">A continuaci\u00f3n se muestran los arreglos de accesibilidad en el centro de recepci\u00f3n ubicado en Derech HaSharon 12, Kefar Sava, Israel<\/span><\/p>\n<ul>\n<li style=\"font-weight: 400;\" aria-level=\"1\"><span style=\"font-weight: 400;\">Hay espacios de estacionamiento para discapacitados en Derech HaSharon 12, Kefar Sava, Israel y el estacionamiento cercano, incluido para autos altos.<\/span><\/li>\n<li style=\"font-weight: 400;\" aria-level=\"1\"><span style=\"font-weight: 400;\">Hay un continuo de acceso desde el parking por la entrada al centro de acogida, y hasta la recepci\u00f3n del servicio.<\/span><\/li>\n<li style=\"font-weight: 400;\" aria-level=\"1\"><span style=\"font-weight: 400;\">El centro de acogida cuenta con puestos de atenci\u00f3n accesibles.<\/span><\/li>\n<li style=\"font-weight: 400;\" aria-level=\"1\"><span style=\"font-weight: 400;\">Si es necesario, puede pedir ayuda a los representantes del servicio para completar los formularios.<\/span><\/li>\n<\/ul>\n\t\t\t\t\t\t\t\t<\/div>\n\t\t\t\t<\/div>\n\t\t\t\t<div class=\"elementor-element elementor-element-3f26c8b elementor-widget elementor-widget-heading\" data-id=\"3f26c8b\" data-element_type=\"widget\" data-widget_type=\"heading.default\">\n\t\t\t\t<div class=\"elementor-widget-container\">\n\t\t\t\t\t<h2 class=\"elementor-heading-title elementor-size-default\">SERVICIO AL CLIENTE ACCESIBLE<\/h2>\t\t\t\t<\/div>\n\t\t\t\t<\/div>\n\t\t\t\t<div class=\"elementor-element elementor-element-8bef18e elementor-widget elementor-widget-text-editor\" data-id=\"8bef18e\" data-element_type=\"widget\" data-widget_type=\"text-editor.default\">\n\t\t\t\t<div class=\"elementor-widget-container\">\n\t\t\t\t\t\t\t\t\t<p><span style=\"font-weight: 400;\">Formas adicionales de contacto: aqu\u00ed tiene algunas formas de contacto:<\/span><\/p>\n<ul>\n<li style=\"font-weight: 400;\" aria-level=\"1\"><span style=\"font-weight: 400;\">Email: pvm@aisrael.org<\/span><\/li>\n<li style=\"font-weight: 400;\" aria-level=\"1\"><span style=\"font-weight: 400;\">Phone: +972-54-3445596<\/span><\/li>\n<\/ul>\n\t\t\t\t\t\t\t\t<\/div>\n\t\t\t\t<\/div>\n\t\t\t\t<div class=\"elementor-element elementor-element-f0dffcc elementor-widget elementor-widget-heading\" data-id=\"f0dffcc\" data-element_type=\"widget\" data-widget_type=\"heading.default\">\n\t\t\t\t<div class=\"elementor-widget-container\">\n\t\t\t\t\t<h2 class=\"elementor-heading-title elementor-size-default\">ACCESIBILIDAD DEL SITIO WEB<\/h2>\t\t\t\t<\/div>\n\t\t\t\t<\/div>\n\t\t\t\t<div class=\"elementor-element elementor-element-058ff71 elementor-widget elementor-widget-text-editor\" data-id=\"058ff71\" data-element_type=\"widget\" data-widget_type=\"text-editor.default\">\n\t\t\t\t<div class=\"elementor-widget-container\">\n\t\t\t\t\t\t\t\t\t<p><span style=\"font-weight: 400;\">Un sitio web accesible es un sitio web que permite a las personas con discapacidad y personas mayores navegar con la misma eficiencia y placer que otros navegadores. Alrededor del 20 al 25% de la poblaci\u00f3n enfrenta dificultades al usar Internet y puede beneficiarse de un contenido web m\u00e1s accesible, seg\u00fan un estudio de Microsoft de 2003.<\/span><span style=\"font-weight: 400;\"><br \/><\/span><span style=\"font-weight: 400;\">Purple Vest Mission, de Access Israel, cree y trabaja para crear igualdad de oportunidades en el espacio de Internet, para personas con diversas discapacidades y para personas que usan tecnolog\u00eda de asistencia para el uso de computadoras.<\/span><\/p>\n\t\t\t\t\t\t\t\t<\/div>\n\t\t\t\t<\/div>\n\t\t\t\t<div class=\"elementor-element elementor-element-6d8f3a3 elementor-widget elementor-widget-heading\" data-id=\"6d8f3a3\" data-element_type=\"widget\" data-widget_type=\"heading.default\">\n\t\t\t\t<div class=\"elementor-widget-container\">\n\t\t\t\t\t<h3 class=\"elementor-heading-title elementor-size-default\">INFORMACI\u00d3N SOBRE LA ACCESIBILIDAD DEL SITIO WEB<\/h3>\t\t\t\t<\/div>\n\t\t\t\t<\/div>\n\t\t\t\t<div class=\"elementor-element elementor-element-dd6431e elementor-widget elementor-widget-text-editor\" data-id=\"dd6431e\" data-element_type=\"widget\" data-widget_type=\"text-editor.default\">\n\t\t\t\t<div class=\"elementor-widget-container\">\n\t\t\t\t\t\t\t\t\t<p><span style=\"font-weight: 400;\">este sitio cumple con las Regulaciones de Igualdad de Derechos para Personas con Discapacidades de 2013 (Ajustes de Accesibilidad para el Servicio).<\/span><\/p>\n<ul>\n<li style=\"font-weight: 400;\" aria-level=\"1\"><span style=\"font-weight: 400;\">Los ajustes de accesibilidad se realizaron de acuerdo con las recomendaciones del est\u00e1ndar israel\u00ed (ISR 5568) para la accesibilidad del contenido web en el nivel AA y el est\u00e1ndar internacional WCAG2.0.<\/span><\/li>\n<li style=\"font-weight: 400;\" aria-level=\"1\"><span style=\"font-weight: 400;\">Las pruebas se probaron para obtener la m\u00e1xima compatibilidad con el navegador Chrome.<\/span><\/li>\n<li style=\"font-weight: 400;\" aria-level=\"1\"><span style=\"font-weight: 400;\">El sitio web proporciona una estructura sem\u00e1ntica para las tecnolog\u00edas de asistencia y admite los patrones de operaci\u00f3n est\u00e1ndar usando un teclado, con las flechas Enter y Esc para salir de men\u00fas y ventanas.<\/span><\/li>\n<li style=\"font-weight: 400;\" aria-level=\"1\"><span style=\"font-weight: 400;\">Ajustado para mostrarse en navegadores populares y para usar en tel\u00e9fonos m\u00f3viles.<\/span><\/li>\n<li style=\"font-weight: 400;\" aria-level=\"1\"><span style=\"font-weight: 400;\">Para maximizar la experiencia de navegaci\u00f3n con un software de lectura de pantalla, recomendamos utilizar el \u00faltimo programa NVDA.<\/span><\/li>\n<\/ul>\n<p><span style=\"text-decoration: underline;\"><a href=\"https:\/\/a-2-z.co.il\/specializations\/accessibility-sites\/\"><span style=\"font-weight: 400;\">A-2-Z Internet Accessibility and Marketing<\/span><\/a><\/span> <span style=\"font-weight: 400;\">consultores l\u00edderes realizaron la auditor\u00eda de accesibilidad para el sitio web<\/span><\/p>\n\t\t\t\t\t\t\t\t<\/div>\n\t\t\t\t<\/div>\n\t\t\t\t<div class=\"elementor-element elementor-element-0d84e6f elementor-widget elementor-widget-heading\" data-id=\"0d84e6f\" data-element_type=\"widget\" data-widget_type=\"heading.default\">\n\t\t\t\t<div class=\"elementor-widget-container\">\n\t\t\t\t\t<h2 class=\"elementor-heading-title elementor-size-default\">V\u00cdAS DE CONTACTO PARA SOLICITUDES Y SUGERENCIAS PARA MEJORAR LA ACCESIBILIDAD<\/h2>\t\t\t\t<\/div>\n\t\t\t\t<\/div>\n\t\t\t\t<div class=\"elementor-element elementor-element-46a9a43 elementor-widget elementor-widget-text-editor\" data-id=\"46a9a43\" data-element_type=\"widget\" data-widget_type=\"text-editor.default\">\n\t\t\t\t<div class=\"elementor-widget-container\">\n\t\t\t\t\t\t\t\t\t<p><span style=\"font-weight: 400;\">Cabe se\u00f1alar que continuamos con nuestros esfuerzos para mejorar la accesibilidad de la empresa, como parte de nuestro compromiso de habilitar un servicio accesible para el p\u00fablico en general, incluidas las personas con discapacidad.<\/span><span style=\"font-weight: 400;\"><br \/><\/span><span style=\"font-weight: 400;\">Si encuentra alg\u00fan problema o problema con la accesibilidad, h\u00e1ganoslo saber y haremos todo lo posible para encontrar una soluci\u00f3n adecuada y manejar el problema lo antes posible.<\/span><\/p>\n\t\t\t\t\t\t\t\t<\/div>\n\t\t\t\t<\/div>\n\t\t\t\t<div class=\"elementor-element elementor-element-088648b elementor-widget elementor-widget-heading\" data-id=\"088648b\" data-element_type=\"widget\" data-widget_type=\"heading.default\">\n\t\t\t\t<div class=\"elementor-widget-container\">\n\t\t\t\t\t<h2 class=\"elementor-heading-title elementor-size-default\">COORDINADOR DE ACCESIBILIDAD<\/h2>\t\t\t\t<\/div>\n\t\t\t\t<\/div>\n\t\t\t\t<div class=\"elementor-element elementor-element-03b590e elementor-widget elementor-widget-text-editor\" data-id=\"03b590e\" data-element_type=\"widget\" data-widget_type=\"text-editor.default\">\n\t\t\t\t<div class=\"elementor-widget-container\">\n\t\t\t\t\t\t\t\t\t<ul>\n<li style=\"font-weight: 400;\" aria-level=\"1\"><span style=\"font-weight: 400;\">Nombre: Hila<\/span><\/li>\n<li style=\"font-weight: 400;\" aria-level=\"1\"><span style=\"font-weight: 400;\">Phone: +972-54-3445596<\/span><\/li>\n<li style=\"font-weight: 400;\" aria-level=\"1\"><span style=\"font-weight: 400;\">Email: pvm@aisrael.org<\/span><\/li>\n<\/ul>\n\t\t\t\t\t\t\t\t<\/div>\n\t\t\t\t<\/div>\n\t\t\t\t<div class=\"elementor-element elementor-element-50de9d2 elementor-widget elementor-widget-heading\" data-id=\"50de9d2\" data-element_type=\"widget\" data-widget_type=\"heading.default\">\n\t\t\t\t<div class=\"elementor-widget-container\">\n\t\t\t\t\t<h3 class=\"elementor-heading-title elementor-size-default\">\u00daltima actualizaci\u00f3n: 07\/04\/22<\/h3>\t\t\t\t<\/div>\n\t\t\t\t<\/div>\n\t\t\t\t\t<\/div>\n\t\t<\/div>\n\t\t\t\t\t<\/div>\n\t\t<\/section>\n\t\t\t\t<\/div>\n\t\t","protected":false},"excerpt":{"rendered":"<p>Acuerdos de accesibilidad Purple Vest Missiob, de Access Israel, invierte los m\u00e1ximos esfuerzos y muchos recursos para brindar a todos sus clientes servicios iguales, respetables, accesibles y profesionales. De acuerdo con la Ley de Igualdad de Derechos de las Personas con Discapacidad de 1998, y su reglamento, se invierten muchos esfuerzos y recursos, realizando los [&hellip;]<\/p>\n","protected":false},"author":1,"featured_media":0,"parent":0,"menu_order":0,"comment_status":"closed","ping_status":"closed","template":"","meta":{"footnotes":""},"class_list":["post-6114","page","type-page","status-publish","hentry"],"yoast_head":"<!-- This site is optimized with the Yoast SEO plugin v25.8 - https:\/\/yoast.com\/wordpress\/plugins\/seo\/ -->\n<title>Acuerdos de accesibilidad | Purple Vest Mission<\/title>\n<meta name=\"description\" content=\"Purple Vest Missiob, de Access Israel, invierte los m\u00e1ximos esfuerzos y muchos recursos para brindar a todos sus clientes servicios iguales, respetables, accesibles y profesionales. De acuerdo con la Ley de Igualdad de Derechos de las Personas con Discapacidad de 1998, y su reglamento, se invierten muchos esfuerzos y recursos, realizando los ajustes de accesibilidad necesarios, que permitir\u00e1n que una persona con discapacidad reciba de forma independiente e igualitaria los servicios prestados. al p\u00fablico en general.\" \/>\n<meta name=\"robots\" content=\"index, follow, max-snippet:-1, max-image-preview:large, max-video-preview:-1\" \/>\n<link rel=\"canonical\" href=\"https:\/\/purple-vest.net\/acuerdos-de-accesibilidad\/?lang=es\" \/>\n<meta property=\"og:locale\" content=\"es_ES\" \/>\n<meta property=\"og:type\" content=\"article\" \/>\n<meta property=\"og:title\" content=\"Acuerdos de accesibilidad | Purple Vest Mission\" \/>\n<meta property=\"og:description\" content=\"Purple Vest Missiob, de Access Israel, invierte los m\u00e1ximos esfuerzos y muchos recursos para brindar a todos sus clientes servicios iguales, respetables, accesibles y profesionales. De acuerdo con la Ley de Igualdad de Derechos de las Personas con Discapacidad de 1998, y su reglamento, se invierten muchos esfuerzos y recursos, realizando los ajustes de accesibilidad necesarios, que permitir\u00e1n que una persona con discapacidad reciba de forma independiente e igualitaria los servicios prestados. al p\u00fablico en general.\" \/>\n<meta property=\"og:url\" content=\"https:\/\/purple-vest.net\/acuerdos-de-accesibilidad\/?lang=es\" \/>\n<meta property=\"og:site_name\" content=\"Purple Vest Mission\" \/>\n<meta property=\"article:publisher\" content=\"https:\/\/www.facebook.com\/Negishut.Israel\" \/>\n<meta property=\"article:modified_time\" content=\"2022-10-18T12:23:12+00:00\" \/>\n<meta property=\"og:image\" content=\"https:\/\/purple-vest.net\/wp-content\/uploads\/2022\/05\/b.jpg\" \/>\n\t<meta property=\"og:image:width\" content=\"876\" \/>\n\t<meta property=\"og:image:height\" content=\"682\" \/>\n\t<meta property=\"og:image:type\" content=\"image\/jpeg\" \/>\n<meta name=\"twitter:card\" content=\"summary_large_image\" \/>\n<meta name=\"twitter:site\" content=\"@AccessIL\" \/>\n<meta name=\"twitter:label1\" content=\"Tiempo de lectura\" \/>\n\t<meta name=\"twitter:data1\" content=\"3 minutos\" \/>\n<script type=\"application\/ld+json\" class=\"yoast-schema-graph\">{\"@context\":\"https:\/\/schema.org\",\"@graph\":[{\"@type\":\"WebPage\",\"@id\":\"https:\/\/purple-vest.net\/acuerdos-de-accesibilidad\/?lang=es\",\"url\":\"https:\/\/purple-vest.net\/acuerdos-de-accesibilidad\/?lang=es\",\"name\":\"Acuerdos de accesibilidad | Purple Vest Mission\",\"isPartOf\":{\"@id\":\"https:\/\/purple-vest.net\/#website\"},\"datePublished\":\"2022-06-09T13:21:39+00:00\",\"dateModified\":\"2022-10-18T12:23:12+00:00\",\"description\":\"Purple Vest Missiob, de Access Israel, invierte los m\u00e1ximos esfuerzos y muchos recursos para brindar a todos sus clientes servicios iguales, respetables, accesibles y profesionales. De acuerdo con la Ley de Igualdad de Derechos de las Personas con Discapacidad de 1998, y su reglamento, se invierten muchos esfuerzos y recursos, realizando los ajustes de accesibilidad necesarios, que permitir\u00e1n que una persona con discapacidad reciba de forma independiente e igualitaria los servicios prestados. al p\u00fablico en general.\",\"breadcrumb\":{\"@id\":\"https:\/\/purple-vest.net\/acuerdos-de-accesibilidad\/?lang=es#breadcrumb\"},\"inLanguage\":\"es\",\"potentialAction\":[{\"@type\":\"ReadAction\",\"target\":[\"https:\/\/purple-vest.net\/acuerdos-de-accesibilidad\/?lang=es\"]}]},{\"@type\":\"BreadcrumbList\",\"@id\":\"https:\/\/purple-vest.net\/acuerdos-de-accesibilidad\/?lang=es#breadcrumb\",\"itemListElement\":[{\"@type\":\"ListItem\",\"position\":1,\"name\":\"Home\",\"item\":\"https:\/\/purple-vest.net\/he\/\"},{\"@type\":\"ListItem\",\"position\":2,\"name\":\"Acuerdos de accesibilidad\"}]},{\"@type\":\"WebSite\",\"@id\":\"https:\/\/purple-vest.net\/#website\",\"url\":\"https:\/\/purple-vest.net\/\",\"name\":\"Purple Vest Mission\",\"description\":\"Purple Vest Mission - Leave no one behind | By Access Israel | Supported by The Nippon Foundation\",\"publisher\":{\"@id\":\"https:\/\/purple-vest.net\/#organization\"},\"potentialAction\":[{\"@type\":\"SearchAction\",\"target\":{\"@type\":\"EntryPoint\",\"urlTemplate\":\"https:\/\/purple-vest.net\/?s={search_term_string}\"},\"query-input\":{\"@type\":\"PropertyValueSpecification\",\"valueRequired\":true,\"valueName\":\"search_term_string\"}}],\"inLanguage\":\"es\"},{\"@type\":\"Organization\",\"@id\":\"https:\/\/purple-vest.net\/#organization\",\"name\":\"Purple Vest Mission\",\"url\":\"https:\/\/purple-vest.net\/\",\"logo\":{\"@type\":\"ImageObject\",\"inLanguage\":\"es\",\"@id\":\"https:\/\/purple-vest.net\/#\/schema\/logo\/image\/\",\"url\":\"https:\/\/purple-vest.net\/wp-content\/uploads\/2022\/05\/Purple-Vest-Logo-finalxx.svg\",\"contentUrl\":\"https:\/\/purple-vest.net\/wp-content\/uploads\/2022\/05\/Purple-Vest-Logo-finalxx.svg\",\"width\":841,\"height\":216,\"caption\":\"Purple Vest Mission\"},\"image\":{\"@id\":\"https:\/\/purple-vest.net\/#\/schema\/logo\/image\/\"},\"sameAs\":[\"https:\/\/www.facebook.com\/Negishut.Israel\",\"https:\/\/x.com\/AccessIL\",\"https:\/\/www.instagram.com\/negishut_israel\/\",\"https:\/\/www.youtube.com\/user\/AisraelORG#pu\"]}]}<\/script>\n<!-- \/ Yoast SEO plugin. -->","yoast_head_json":{"title":"Acuerdos de accesibilidad | Purple Vest Mission","description":"Purple Vest Missiob, de Access Israel, invierte los m\u00e1ximos esfuerzos y muchos recursos para brindar a todos sus clientes servicios iguales, respetables, accesibles y profesionales. De acuerdo con la Ley de Igualdad de Derechos de las Personas con Discapacidad de 1998, y su reglamento, se invierten muchos esfuerzos y recursos, realizando los ajustes de accesibilidad necesarios, que permitir\u00e1n que una persona con discapacidad reciba de forma independiente e igualitaria los servicios prestados. al p\u00fablico en general.","robots":{"index":"index","follow":"follow","max-snippet":"max-snippet:-1","max-image-preview":"max-image-preview:large","max-video-preview":"max-video-preview:-1"},"canonical":"https:\/\/purple-vest.net\/acuerdos-de-accesibilidad\/?lang=es","og_locale":"es_ES","og_type":"article","og_title":"Acuerdos de accesibilidad | Purple Vest Mission","og_description":"Purple Vest Missiob, de Access Israel, invierte los m\u00e1ximos esfuerzos y muchos recursos para brindar a todos sus clientes servicios iguales, respetables, accesibles y profesionales. De acuerdo con la Ley de Igualdad de Derechos de las Personas con Discapacidad de 1998, y su reglamento, se invierten muchos esfuerzos y recursos, realizando los ajustes de accesibilidad necesarios, que permitir\u00e1n que una persona con discapacidad reciba de forma independiente e igualitaria los servicios prestados. al p\u00fablico en general.","og_url":"https:\/\/purple-vest.net\/acuerdos-de-accesibilidad\/?lang=es","og_site_name":"Purple Vest Mission","article_publisher":"https:\/\/www.facebook.com\/Negishut.Israel","article_modified_time":"2022-10-18T12:23:12+00:00","og_image":[{"width":876,"height":682,"url":"https:\/\/purple-vest.net\/wp-content\/uploads\/2022\/05\/b.jpg","type":"image\/jpeg"}],"twitter_card":"summary_large_image","twitter_site":"@AccessIL","twitter_misc":{"Tiempo de lectura":"3 minutos"},"schema":{"@context":"https:\/\/schema.org","@graph":[{"@type":"WebPage","@id":"https:\/\/purple-vest.net\/acuerdos-de-accesibilidad\/?lang=es","url":"https:\/\/purple-vest.net\/acuerdos-de-accesibilidad\/?lang=es","name":"Acuerdos de accesibilidad | Purple Vest Mission","isPartOf":{"@id":"https:\/\/purple-vest.net\/#website"},"datePublished":"2022-06-09T13:21:39+00:00","dateModified":"2022-10-18T12:23:12+00:00","description":"Purple Vest Missiob, de Access Israel, invierte los m\u00e1ximos esfuerzos y muchos recursos para brindar a todos sus clientes servicios iguales, respetables, accesibles y profesionales. De acuerdo con la Ley de Igualdad de Derechos de las Personas con Discapacidad de 1998, y su reglamento, se invierten muchos esfuerzos y recursos, realizando los ajustes de accesibilidad necesarios, que permitir\u00e1n que una persona con discapacidad reciba de forma independiente e igualitaria los servicios prestados. al p\u00fablico en general.","breadcrumb":{"@id":"https:\/\/purple-vest.net\/acuerdos-de-accesibilidad\/?lang=es#breadcrumb"},"inLanguage":"es","potentialAction":[{"@type":"ReadAction","target":["https:\/\/purple-vest.net\/acuerdos-de-accesibilidad\/?lang=es"]}]},{"@type":"BreadcrumbList","@id":"https:\/\/purple-vest.net\/acuerdos-de-accesibilidad\/?lang=es#breadcrumb","itemListElement":[{"@type":"ListItem","position":1,"name":"Home","item":"https:\/\/purple-vest.net\/he\/"},{"@type":"ListItem","position":2,"name":"Acuerdos de accesibilidad"}]},{"@type":"WebSite","@id":"https:\/\/purple-vest.net\/#website","url":"https:\/\/purple-vest.net\/","name":"Purple Vest Mission","description":"Purple Vest Mission - Leave no one behind | By Access Israel | Supported by The Nippon Foundation","publisher":{"@id":"https:\/\/purple-vest.net\/#organization"},"potentialAction":[{"@type":"SearchAction","target":{"@type":"EntryPoint","urlTemplate":"https:\/\/purple-vest.net\/?s={search_term_string}"},"query-input":{"@type":"PropertyValueSpecification","valueRequired":true,"valueName":"search_term_string"}}],"inLanguage":"es"},{"@type":"Organization","@id":"https:\/\/purple-vest.net\/#organization","name":"Purple Vest Mission","url":"https:\/\/purple-vest.net\/","logo":{"@type":"ImageObject","inLanguage":"es","@id":"https:\/\/purple-vest.net\/#\/schema\/logo\/image\/","url":"https:\/\/purple-vest.net\/wp-content\/uploads\/2022\/05\/Purple-Vest-Logo-finalxx.svg","contentUrl":"https:\/\/purple-vest.net\/wp-content\/uploads\/2022\/05\/Purple-Vest-Logo-finalxx.svg","width":841,"height":216,"caption":"Purple Vest Mission"},"image":{"@id":"https:\/\/purple-vest.net\/#\/schema\/logo\/image\/"},"sameAs":["https:\/\/www.facebook.com\/Negishut.Israel","https:\/\/x.com\/AccessIL","https:\/\/www.instagram.com\/negishut_israel\/","https:\/\/www.youtube.com\/user\/AisraelORG#pu"]}]}},"_links":{"self":[{"href":"https:\/\/purple-vest.net\/es\/wp-json\/wp\/v2\/pages\/6114","targetHints":{"allow":["GET"]}}],"collection":[{"href":"https:\/\/purple-vest.net\/es\/wp-json\/wp\/v2\/pages"}],"about":[{"href":"https:\/\/purple-vest.net\/es\/wp-json\/wp\/v2\/types\/page"}],"author":[{"embeddable":true,"href":"https:\/\/purple-vest.net\/es\/wp-json\/wp\/v2\/users\/1"}],"replies":[{"embeddable":true,"href":"https:\/\/purple-vest.net\/es\/wp-json\/wp\/v2\/comments?post=6114"}],"version-history":[{"count":2,"href":"https:\/\/purple-vest.net\/es\/wp-json\/wp\/v2\/pages\/6114\/revisions"}],"predecessor-version":[{"id":6128,"href":"https:\/\/purple-vest.net\/es\/wp-json\/wp\/v2\/pages\/6114\/revisions\/6128"}],"wp:attachment":[{"href":"https:\/\/purple-vest.net\/es\/wp-json\/wp\/v2\/media?parent=6114"}],"curies":[{"name":"wp","href":"https:\/\/api.w.org\/{rel}","templated":true}]}}